{"id":42398,"date":"2025-01-19T17:01:19","date_gmt":"2025-01-19T17:01:19","guid":{"rendered":"https:\/\/studiocaoba.com\/?page_id=42398"},"modified":"2025-01-19T17:10:26","modified_gmt":"2025-01-19T17:10:26","slug":"termsandconditions","status":"publish","type":"page","link":"https:\/\/studiocaoba.com\/en\/termsandconditions\/","title":{"rendered":"Terms &#038; Conditions"},"content":{"rendered":"<div data-elementor-type=\"wp-page\" data-elementor-id=\"42398\" class=\"elementor elementor-42398\">\n\t\t\t\t\t\t<section class=\"elementor-section elementor-top-section elementor-element elementor-element-a130015 elementor-section-full_width scheme_default elementor-section-height-default elementor-section-height-default sc_fly_static\" data-id=\"a130015\" data-element_type=\"section\" data-settings=\"{&quot;background_background&quot;:&quot;classic&quot;}\">\n\t\t\t\t\t\t<div class=\"elementor-container elementor-column-gap-no\">\n\t\t\t\t\t<div class=\"elementor-column elementor-col-100 elementor-top-column elementor-element elementor-element-9f3fcc0 sc_content_align_inherit sc_layouts_column_icons_position_left sc_fly_static\" data-id=\"9f3fcc0\" data-element_type=\"column\">\n\t\t\t<div class=\"elementor-widget-wrap elementor-element-populated\">\n\t\t\t\t\t\t<div class=\"elementor-element elementor-element-87bd357 sc_height_huge sc_fly_static elementor-widget elementor-widget-spacer\" data-id=\"87bd357\" data-element_type=\"widget\" data-widget_type=\"spacer.default\">\n\t\t\t\t<div class=\"elementor-widget-container\">\n\t\t\t\t\t\t\t<div class=\"elementor-spacer\">\n\t\t\t<div class=\"elementor-spacer-inner\"><\/div>\n\t\t<\/div>\n\t\t\t\t\t\t<\/div>\n\t\t\t\t<\/div>\n\t\t\t\t\t<\/div>\n\t\t<\/div>\n\t\t\t\t\t<\/div>\n\t\t<\/section>\n\t\t\t\t<section class=\"elementor-section elementor-top-section elementor-element elementor-element-2c113f3 elementor-section-boxed elementor-section-height-default elementor-section-height-default sc_fly_static\" data-id=\"2c113f3\" data-element_type=\"section\" data-settings=\"{&quot;background_background&quot;:&quot;classic&quot;}\">\n\t\t\t\t\t\t<div class=\"elementor-container elementor-column-gap-extended\">\n\t\t\t\t\t<div class=\"elementor-column elementor-col-100 elementor-top-column elementor-element elementor-element-08f0844 sc_content_align_inherit sc_layouts_column_icons_position_left sc_fly_static\" data-id=\"08f0844\" data-element_type=\"column\">\n\t\t\t<div class=\"elementor-widget-wrap\">\n\t\t\t\t\t\t\t<\/div>\n\t\t<\/div>\n\t\t\t\t\t<\/div>\n\t\t<\/section>\n\t\t\t\t<section class=\"elementor-section elementor-top-section elementor-element elementor-element-0f77eaa elementor-section-full_width scheme_default elementor-section-height-default elementor-section-height-default sc_fly_static\" data-id=\"0f77eaa\" data-element_type=\"section\" data-settings=\"{&quot;background_background&quot;:&quot;classic&quot;}\">\n\t\t\t\t\t\t<div class=\"elementor-container elementor-column-gap-no\">\n\t\t\t\t\t<div class=\"elementor-column elementor-col-100 elementor-top-column elementor-element elementor-element-37f31a3 sc_content_align_inherit sc_layouts_column_icons_position_left sc_fly_static\" data-id=\"37f31a3\" data-element_type=\"column\">\n\t\t\t<div class=\"elementor-widget-wrap elementor-element-populated\">\n\t\t\t\t\t\t<div class=\"elementor-element elementor-element-be274d0 sc_height_huge sc_fly_static elementor-widget elementor-widget-spacer\" data-id=\"be274d0\" data-element_type=\"widget\" data-widget_type=\"spacer.default\">\n\t\t\t\t<div class=\"elementor-widget-container\">\n\t\t\t\t\t\t\t<div class=\"elementor-spacer\">\n\t\t\t<div class=\"elementor-spacer-inner\"><\/div>\n\t\t<\/div>\n\t\t\t\t\t\t<\/div>\n\t\t\t\t<\/div>\n\t\t\t\t\t<\/div>\n\t\t<\/div>\n\t\t\t\t\t<\/div>\n\t\t<\/section>\n\t\t\t\t<section class=\"elementor-section elementor-top-section elementor-element elementor-element-2b18dcc9 elementor-section-full_width elementor-section-items-stretch elementor-section-content-top elementor-section-height-min-height elementor-section-height-default sc_fly_static\" data-id=\"2b18dcc9\" data-element_type=\"section\" data-settings=\"{&quot;background_background&quot;:&quot;classic&quot;}\">\n\t\t\t\t\t\t<div class=\"elementor-container elementor-column-gap-no\">\n\t\t\t\t\t<div class=\"elementor-column elementor-col-100 elementor-top-column elementor-element elementor-element-1ed01a4d sc_inner_width_1_1 sc-mobile_inner_width_1_1 sc_content_align_inherit sc_layouts_column_icons_position_left sc_fly_static\" data-id=\"1ed01a4d\" data-element_type=\"column\">\n\t\t\t<div class=\"elementor-widget-wrap elementor-element-populated\">\n\t\t\t\t\t\t<div class=\"elementor-element elementor-element-5d4ec25f elementor-widget-mobile__width-inherit elementor-widget__width-initial sc_fly_static elementor-widget elementor-widget-trx_sc_title\" data-id=\"5d4ec25f\" data-element_type=\"widget\" data-widget_type=\"trx_sc_title.default\">\n\t\t\t\t<div class=\"elementor-widget-container\">\n\t\t\t\t\t<div\t\tclass=\"sc_title sc_title_default\" ><h1 class=\"sc_item_title sc_title_title sc_item_title_style_default sc_item_title_tag\"\n\t\t\t><span class=\"sc_item_title_text\">\nMentions l\u00e9gales<\/span><\/h1><\/div>\t\t\t\t<\/div>\n\t\t\t\t<\/div>\n\t\t\t\t<div class=\"elementor-element elementor-element-33fb9c6 elementor-widget__width-initial elementor-widget-mobile__width-inherit sc_fly_static elementor-widget elementor-widget-text-editor\" data-id=\"33fb9c6\" data-element_type=\"widget\" data-widget_type=\"text-editor.default\">\n\t\t\t\t<div class=\"elementor-widget-container\">\n\t\t\t\t\t\t\t\t\t<h6><b>\u00c9diteure du site<\/b><\/h6>\n<p><span style=\"font-weight: 400;\">Studio Caoba<br><\/span><span style=\"font-weight: 400;\">6 cit\u00e9 du Wauxhaull<br><\/span><span style=\"font-weight: 400;\">75010, Paris &#8211; France<\/span><\/p>\n<p><span style=\"font-weight: 400;\">T\u00e9l. : +33 (0)6 99 55 30 03<\/span><span style=\"font-size: 13.5px; font-weight: 400; letter-spacing: 0px;\"><span style=\"color: rgba(0, 0, 0, 0);\">Email : info@studiocaoba.com<\/span><br><\/span><a style=\"font-size: 13.5px; background-color: #f4f1ec; letter-spacing: 0px;\" href=\"https:\/\/studiocaoba.com\/en\/\"><span style=\"font-weight: 400;\">https:\/\/www.studiocaoba.com\/<\/span><\/a><\/p>\n<p><span style=\"font-weight: 400;\">Studio Caoba est <\/span><span style=\"font-weight: 400;\">une SASU au capital de 1 000\u20ac<br><\/span><span style=\"font-size: 13.5px; font-weight: 400; color: var(--theme-color-text); letter-spacing: 0px;\">RCS 804 659 456 \u2013 SIRET 804 659 456 000 11<\/span><\/p>\n<h6><span style=\"font-weight: normal;\"><span style=\"font-size: 11pt; font-family: Arial, sans-serif; color: #000000; background-color: transparent; font-weight: bold; font-style: normal; font-variant-numeric: normal; font-variant-east-asian: normal; font-variant-alternates: normal; font-variant-position: normal; font-variant-emoji: normal; vertical-align: baseline; white-space-collapse: preserve;\">Conception, cr\u00e9ation et d\u00e9veloppement du site web<\/span><\/span><\/h6>\n<p><span style=\"font-weight: 400;\">Alan Lemus<br><\/span><span style=\"font-weight: 400;\">alanlemusc@gmail.com<br><\/span><a href=\"http:\/\/ukiyo.com.mx\/\"><span style=\"font-weight: 400;\">http:\/\/www.ukiyo .com.mx\/<\/span><\/a><\/p>\n<p><\/p>\n<h6><b>Conditions d\u2019utilisation<\/b><\/h6>\n<p><span style=\"font-weight: 400;\">En acc\u00e9dant au site <\/span><b>Studio Caoba<\/b><span style=\"font-weight: 400;\">, vous acceptez les conditions suivantes :<\/span><\/p>\n<ul>\n<li><span style=\"font-weight: 400;\">L\u2019utilisation de ce site est soumise aux lois fran\u00e7aises.<\/span><\/li>\n<li><span style=\"font-weight: 400;\">Les informations pr\u00e9sent\u00e9es sur ce site sont fournies \u00e0 titre informatif.<\/span><\/li>\n<li><span style=\"font-weight: 400;\">Toute utilisation frauduleuse ou d\u00e9tournement du contenu du site est strictement interdite.\n<p><\/p><\/span><\/li>\n<\/ul>\n<p><span style=\"font-weight: 400;\">Studio Caoba veille \u00e0 fournir des informations pr\u00e9cises et actualis\u00e9es sur ce site. Cependant, malgr\u00e9 tous les efforts d\u00e9ploy\u00e9s, des erreurs ou omissions peuvent survenir. Si vous constatez une inexactitude, nous vous invitons \u00e0 nous en informer.<\/span><\/p>\n<p><b style=\"color: var(--theme-color-text_dark); font-size: 1.267em; letter-spacing: 1.4px;\">Limitation de responsabilit\u00e9<\/b><\/p>\n<p><b>Contenu du site<\/b> : Studio Caoba s\u2019efforce de fournir des informations fiables et actuelles. Nous d\u00e9clinons toute responsabilit\u00e9 en cas d\u2019erreurs, d\u2019omissions ou d\u2019interruptions temporaires.<br><span style=\"font-family: inherit; font-style: inherit; color: var(--theme-color-text); letter-spacing: 0px;\"><br><b>Liens hypertextes<\/b><\/span><span style=\"font-size: 13.5px; font-weight: 400; color: var(--theme-color-text); letter-spacing: 0px;\"> : Studio Caoba n\u2019est pas responsable des contenus accessibles via des liens hypertextes externes.<\/span><\/p>\n<p><b>Utilisation du site<\/b><span style=\"font-weight: 400;\"> : En aucun cas, Studio Caoba ne pourra \u00eatre tenu responsable de dommages directs ou indirects li\u00e9s \u00e0 l\u2019utilisation de ce site.<\/span><\/p>\n<p><\/p>\n<h6><b>Propri\u00e9t\u00e9 intellectuelle<br><\/b><\/h6>\n<p><span style=\"font-weight: 400;\">Tout le contenu du pr\u00e9sent site, incluant, de fa\u00e7on non limitative, les graphismes, images, textes, vid\u00e9os, animations, sons, logos, gifs, ic\u00f4nes ainsi que leur mise en forme, est la propri\u00e9t\u00e9 exclusive de <\/span><b>Studio Caoba<\/b><span style=\"font-weight: 400;\">, \u00e0 l\u2019exception des marques, logos ou contenus appartenant \u00e0 d\u2019autres soci\u00e9t\u00e9s partenaires ou auteurs ayant autoris\u00e9 leur utilisation.<\/span><\/p>\n<p><span style=\"font-weight: 400;\">Toute reproduction, distribution, modification, adaptation, retransmission ou publication, m\u00eame partielle, de ces \u00e9l\u00e9ments est strictement interdite sans l\u2019accord expr\u00e8s et \u00e9crit de <\/span><b>Studio Caoba<\/b><span style=\"font-weight: 400;\">. Toute repr\u00e9sentation ou reproduction, par quelque proc\u00e9d\u00e9 que ce soit, constitue une contrefa\u00e7on sanctionn\u00e9e par les articles <\/span><b>L.335-2 et suivants du Code de la propri\u00e9t\u00e9 intellectuelle<\/b><span style=\"font-weight: 400;\">.<\/span><\/p>\n<p><span style=\"font-weight: 400;\">Le non-respect de cette interdiction constitue une contrefa\u00e7on pouvant engager la responsabilit\u00e9 civile et p\u00e9nale du contrefacteur. Les propri\u00e9taires des contenus copi\u00e9s pourraient \u00e9galement intenter une action en justice \u00e0 votre encontre.<\/span><\/p>\n<p><span style=\"font-weight: 400;\">En outre, <\/span><b>Studio Caoba<\/b><span style=\"font-weight: 400;\"> est propri\u00e9taire des <\/span><b>droits des producteurs de bases de donn\u00e9es<\/b><span style=\"font-weight: 400;\">, tels que d\u00e9finis au <\/span><b>Livre III, Titre IV, du Code de la Propri\u00e9t\u00e9 Intellectuelle<\/b><span style=\"font-weight: 400;\"> (loi n\u00b0 98-536 du 1er juillet 1998 relative aux droits d\u2019auteur et aux bases de donn\u00e9es).<\/span><\/p>\n<p><\/p>\n<h6><b>Cookies et traceurs<\/b><\/h6>\n<p><span style=\"font-weight: 400;\">Le site <\/span><b>Studio Caoba<\/b><span style=\"font-weight: 400;\"> utilise des cookies pour am\u00e9liorer l\u2019exp\u00e9rience utilisateur et collecter des donn\u00e9es statistiques anonymes.<\/span><\/p>\n<p><span style=\"font-weight: 400;\">Vous pouvez configurer votre navigateur pour d\u00e9sactiver les cookies.<\/span><\/p>\n<p><span style=\"font-weight: 400;\">En poursuivant votre navigation sur ce site, vous acceptez l\u2019utilisation des cookies.<\/span><\/p>\n<p><\/p>\n<h6><b>Liens hypertextes<\/b><\/h6>\n<p><span style=\"font-weight: 400;\">Les utilisateurs et visiteurs du site internet peuvent mettre en place un hyperlien en direction de la page d\u2019accueil du site <\/span><b>Studio Caoba<\/b><span style=\"font-weight: 400;\">, accessible \u00e0 l\u2019URL suivante : <\/span><a href=\"https:\/\/studiocaoba.com\/en\/\"><span style=\"font-weight: 400;\">https:\/\/www.studiocaoba.com<\/span><\/a><span style=\"font-weight: 400;\">, \u00e0 condition que ce lien s\u2019ouvre dans une nouvelle fen\u00eatre.<\/span><\/p>\n<p><span style=\"font-weight: 400;\">Toute cr\u00e9ation de lien profond (<\/span><i><span style=\"font-weight: 400;\">\u00ab\u00a0deep linking\u00a0\u00bb<\/span><\/i><span style=\"font-weight: 400;\">) vers une sous-page est interdite, ainsi que l\u2019ouverture de ce site dans un cadre (<\/span><i><span style=\"font-weight: 400;\">\u00ab\u00a0framing\u00a0\u00bb<\/span><\/i><span style=\"font-weight: 400;\">) sans l\u2019autorisation expresse et pr\u00e9alable de <\/span><b>Studio Caoba<\/b><span style=\"font-weight: 400;\">.<\/span><\/p>\n<p><span style=\"font-weight: 400;\">Pour toute demande d\u2019autorisation ou d\u2019information, veuillez nous contacter par email \u00e0 : info@studiocaoba.com. Des conditions sp\u00e9cifiques peuvent \u00eatre pr\u00e9vues pour la presse.<\/span><\/p>\n<p><\/p>\n<h6><b>Protection des donn\u00e9es personnelles<\/b><\/h6>\n<p><span style=\"font-weight: 400;\">Les donn\u00e9es collect\u00e9es via le formulaire de contact ou d\u2019inscription sont utilis\u00e9es exclusivement pour r\u00e9pondre \u00e0 vos demandes ou vous transmettre des informations li\u00e9es \u00e0 nos services.<\/span><span style=\"font-weight: 400;\"><br><\/span><span style=\"font-weight: 400;\">Conform\u00e9ment au RGPD :<\/span><\/p>\n<p><span style=\"font-weight: 400;\">Vous avez le droit d\u2019acc\u00e9der, de modifier ou de supprimer vos donn\u00e9es personnelles.<\/span><\/p>\n<p><span style=\"font-weight: 400;\">Pour toute demande, merci de nous contacter \u00e0 : info@studiocaoba.com<\/span><\/p>\t\t\t\t\t\t\t\t<\/div>\n\t\t\t\t<\/div>\n\t\t\t\t\t<\/div>\n\t\t<\/div>\n\t\t\t\t\t<\/div>\n\t\t<\/section>\n\t\t\t\t<section class=\"elementor-section elementor-top-section elementor-element elementor-element-89ee165 elementor-section-full_width scheme_default elementor-section-height-default elementor-section-height-default sc_fly_static\" data-id=\"89ee165\" data-element_type=\"section\" data-settings=\"{&quot;background_background&quot;:&quot;classic&quot;}\">\n\t\t\t\t\t\t<div class=\"elementor-container elementor-column-gap-no\">\n\t\t\t\t\t<div class=\"elementor-column elementor-col-100 elementor-top-column elementor-element elementor-element-ede7a47 sc_content_align_inherit sc_layouts_column_icons_position_left sc_fly_static\" data-id=\"ede7a47\" data-element_type=\"column\">\n\t\t\t<div class=\"elementor-widget-wrap elementor-element-populated\">\n\t\t\t\t\t\t<div class=\"elementor-element elementor-element-e7c23b0 sc_height_huge sc_fly_static elementor-widget elementor-widget-spacer\" data-id=\"e7c23b0\" data-element_type=\"widget\" data-widget_type=\"spacer.default\">\n\t\t\t\t<div class=\"elementor-widget-container\">\n\t\t\t\t\t\t\t<div class=\"elementor-spacer\">\n\t\t\t<div class=\"elementor-spacer-inner\"><\/div>\n\t\t<\/div>\n\t\t\t\t\t\t<\/div>\n\t\t\t\t<\/div>\n\t\t\t\t\t<\/div>\n\t\t<\/div>\n\t\t\t\t\t<\/div>\n\t\t<\/section>\n\t\t\t\t<\/div>","protected":false},"excerpt":{"rendered":"<p>Mentions l\u00e9gales \u00c9diteure du site Studio Caoba6 cit\u00e9 du Wauxhaull75010, Paris &#8211; France T\u00e9l. : +33 (0)6 99 55 30 03Email : info@studiocaoba.comhttps:\/\/www.studiocaoba.com\/ Studio Caoba est une SASU au capital&hellip;<\/p>","protected":false},"author":1,"featured_media":0,"parent":0,"menu_order":0,"comment_status":"closed","ping_status":"closed","template":"","meta":{"footnotes":""},"class_list":["post-42398","page","type-page","status-publish","hentry"],"_links":{"self":[{"href":"https:\/\/studiocaoba.com\/en\/wp-json\/wp\/v2\/pages\/42398","targetHints":{"allow":["GET"]}}],"collection":[{"href":"https:\/\/studiocaoba.com\/en\/wp-json\/wp\/v2\/pages"}],"about":[{"href":"https:\/\/studiocaoba.com\/en\/wp-json\/wp\/v2\/types\/page"}],"author":[{"embeddable":true,"href":"https:\/\/studiocaoba.com\/en\/wp-json\/wp\/v2\/users\/1"}],"replies":[{"embeddable":true,"href":"https:\/\/studiocaoba.com\/en\/wp-json\/wp\/v2\/comments?post=42398"}],"version-history":[{"count":5,"href":"https:\/\/studiocaoba.com\/en\/wp-json\/wp\/v2\/pages\/42398\/revisions"}],"predecessor-version":[{"id":42406,"href":"https:\/\/studiocaoba.com\/en\/wp-json\/wp\/v2\/pages\/42398\/revisions\/42406"}],"wp:attachment":[{"href":"https:\/\/studiocaoba.com\/en\/wp-json\/wp\/v2\/media?parent=42398"}],"curies":[{"name":"wp","href":"https:\/\/api.w.org\/{rel}","templated":true}]}}